{"id":222,"date":"2020-09-27T13:57:44","date_gmt":"2020-09-27T13:57:44","guid":{"rendered":"https:\/\/2021.smartravel.pt\/welcome-to-smart-travel-2020\/"},"modified":"2021-10-01T12:59:48","modified_gmt":"2021-10-01T12:59:48","slug":"welcome-to-smart-travel-2020","status":"publish","type":"page","link":"https:\/\/2021.smartravel.pt\/pt-pt\/welcome-to-smart-travel-2020\/","title":{"rendered":"WELCOME TO SMART TRAVEL 2021"},"content":{"rendered":"<h1>SMART TRAVEL 2021: A INTELIG\u00caNCIA \u00c9 O DESTINO<\/h1>\n<p>Festival dedicado \u00e0s Cidades Inteligentes e Turismo Inteligente com enfoque especial na promo\u00e7\u00e3o das melhores pr\u00e1ticas, estudos de caso, inova\u00e7\u00f5es conceituais, novidades em servi\u00e7os e produtos, criatividade e intera\u00e7\u00f5es entre turistas, cidad\u00e3os, cidades, empresas e stakeholders.<\/p>\n<p>As op\u00e7\u00f5es de debate, reflex\u00e3o e troca de ideias num ambiente intimista e amig\u00e1vel sempre foi um dos pontos fortes do evento SMART TRAVEL, revelando pistas e novos caminhos alternativos.<\/p>\n<blockquote><p>EM DESTAQUE NA EDI\u00c7\u00c3O DE 2021, AS NO\u00c7\u00d5ES-CHAVE E AS CIDADES CONVIDADAS DA EUROPA E NO EXTERIOR, TRAZENDO UM MOMENTO IMPORTANTE DE REDE PARA SMART CITIES<\/p><\/blockquote>\n<p>O SMART TRAVEL \u00e9 o evento que define as tend\u00eancias das smart cities em Portugal. Em 2020, adicionamos um FESTIVAL DE INTELIG\u00caNCIA H\u00cdBRIDO.<\/p>\n<p>O Smart Travel, tal como outros eventos no contexto atual, ter\u00e1 de se adaptar e integrar em sistemas mais din\u00e2micos e consistentes com a sua miss\u00e3o de partilha de informa\u00e7\u00e3o e boas pr\u00e1ticas.<\/p>\n<p>Apesar de ter contribu\u00eddo para uma excelente din\u00e2mica para a solidifica\u00e7\u00e3o da Smart City Bragan\u00e7a, a organiza\u00e7\u00e3o pretende dar um novo impulso para o futuro, abdicando de uma localiza\u00e7\u00e3o fixa e est\u00e1tica, promovendo-se enquanto marca s\u00f3lida do conhecimento intensivo e extensivo da tem\u00e1tica das smart cities e turismo inteligente.<\/p>\n<p>Assim, em 2021, o Smart Travel ser\u00e1 um evento adaptado \u00e0 situa\u00e7\u00e3o e optar\u00e1 por um modelo h\u00edbrido com um espa\u00e7o de debate din\u00e2mico online e f\u00edsico, permitindo criar condi\u00e7\u00f5es para uma experi\u00eancia diferente, nomeadamente com recurso \u00e0 Realidade Virtual e tamb\u00e9m colocando em escaparate, cidades e destinos de todo o mundo com possibilidade de mostrarem as suas potencialidades de forma digital.<\/p>\n","protected":false},"excerpt":{"rendered":"<p>SMART TRAVEL 2021: A INTELIG&Ecirc;NCIA &Eacute; O DESTINO Festival dedicado &agrave;s Cidades Inteligentes e Turismo Inteligente com enfoque especial na<\/p>\n<p><a href=\"https:\/\/2021.smartravel.pt\/pt-pt\/welcome-to-smart-travel-2020\/\" class=\"more-link\">Continue reading<span class=\"screen-reader-text\">WELCOME TO SMART TRAVEL 2021<\/span><\/a><\/p>\n","protected":false},"author":1,"featured_media":93,"parent":0,"menu_order":0,"comment_status":"closed","ping_status":"closed","template":"templates\/no-sidebar.php","meta":{"_links_to":"","_links_to_target":""},"yoast_head":"<!-- This site is optimized with the Yoast SEO plugin v17.7.1 - https:\/\/yoast.com\/wordpress\/plugins\/seo\/ -->\n<title>WELCOME TO SMART TRAVEL 2021 - Smart Travel 2021<\/title>\n<meta name=\"robots\" content=\"index, follow, max-snippet:-1, max-image-preview:large, max-video-preview:-1\" \/>\n<link rel=\"canonical\" href=\"https:\/\/2021.smartravel.pt\/pt-pt\/welcome-to-smart-travel-2020\/\" \/>\n<meta property=\"og:locale\" content=\"pt_PT\" \/>\n<meta property=\"og:type\" content=\"article\" \/>\n<meta property=\"og:title\" content=\"WELCOME TO SMART TRAVEL 2021 - Smart Travel 2021\" \/>\n<meta property=\"og:description\" content=\"SMART TRAVEL 2021: A INTELIG&Ecirc;NCIA &Eacute; O DESTINO Festival dedicado &agrave;s Cidades Inteligentes e Turismo Inteligente com enfoque especial naContinue readingWELCOME TO SMART TRAVEL 2021\" \/>\n<meta property=\"og:url\" content=\"https:\/\/2021.smartravel.pt\/pt-pt\/welcome-to-smart-travel-2020\/\" \/>\n<meta property=\"og:site_name\" content=\"Smart Travel 2021\" \/>\n<meta property=\"article:publisher\" content=\"https:\/\/www.facebook.com\/smartravelevent\/\" \/>\n<meta property=\"article:modified_time\" content=\"2021-10-01T12:59:48+00:00\" \/>\n<meta property=\"og:image\" content=\"https:\/\/2021.smartravel.pt\/wp-content\/uploads\/2020\/09\/1885-scaled.jpg\" \/>\n\t<meta property=\"og:image:width\" content=\"1709\" \/>\n\t<meta property=\"og:image:height\" content=\"2560\" \/>\n<meta name=\"twitter:card\" content=\"summary_large_image\" \/>\n<meta name=\"twitter:site\" content=\"@smartravel\" \/>\n<meta name=\"twitter:label1\" content=\"Tempo estimado de leitura\" \/>\n\t<meta name=\"twitter:data1\" content=\"1 minuto\" \/>\n<script type=\"application\/ld+json\" class=\"yoast-schema-graph\">{\"@context\":\"https:\/\/schema.org\",\"@graph\":[{\"@type\":\"WebSite\",\"@id\":\"https:\/\/2021.smartravel.pt\/#website\",\"url\":\"https:\/\/2021.smartravel.pt\/\",\"name\":\"Smart Travel 2021\",\"description\":\"Festival of Intelligence\",\"potentialAction\":[{\"@type\":\"SearchAction\",\"target\":{\"@type\":\"EntryPoint\",\"urlTemplate\":\"https:\/\/2021.smartravel.pt\/?s={search_term_string}\"},\"query-input\":\"required name=search_term_string\"}],\"inLanguage\":\"pt-PT\"},{\"@type\":\"ImageObject\",\"@id\":\"https:\/\/2021.smartravel.pt\/pt-pt\/welcome-to-smart-travel-2020\/#primaryimage\",\"inLanguage\":\"pt-PT\",\"url\":\"https:\/\/2021.smartravel.pt\/wp-content\/uploads\/2020\/09\/1885-scaled.jpg\",\"contentUrl\":\"https:\/\/2021.smartravel.pt\/wp-content\/uploads\/2020\/09\/1885-scaled.jpg\",\"width\":1709,\"height\":2560,\"caption\":\"Young hipster woman waiting on the station platform with backpack. Travel concept.\"},{\"@type\":\"WebPage\",\"@id\":\"https:\/\/2021.smartravel.pt\/pt-pt\/welcome-to-smart-travel-2020\/#webpage\",\"url\":\"https:\/\/2021.smartravel.pt\/pt-pt\/welcome-to-smart-travel-2020\/\",\"name\":\"WELCOME TO SMART TRAVEL 2021 - Smart Travel 2021\",\"isPartOf\":{\"@id\":\"https:\/\/2021.smartravel.pt\/#website\"},\"primaryImageOfPage\":{\"@id\":\"https:\/\/2021.smartravel.pt\/pt-pt\/welcome-to-smart-travel-2020\/#primaryimage\"},\"datePublished\":\"2020-09-27T13:57:44+00:00\",\"dateModified\":\"2021-10-01T12:59:48+00:00\",\"breadcrumb\":{\"@id\":\"https:\/\/2021.smartravel.pt\/pt-pt\/welcome-to-smart-travel-2020\/#breadcrumb\"},\"inLanguage\":\"pt-PT\",\"potentialAction\":[{\"@type\":\"ReadAction\",\"target\":[\"https:\/\/2021.smartravel.pt\/pt-pt\/welcome-to-smart-travel-2020\/\"]}]},{\"@type\":\"BreadcrumbList\",\"@id\":\"https:\/\/2021.smartravel.pt\/pt-pt\/welcome-to-smart-travel-2020\/#breadcrumb\",\"itemListElement\":[{\"@type\":\"ListItem\",\"position\":1,\"name\":\"In\\u00edcio\",\"item\":\"https:\/\/2021.smartravel.pt\/pt-pt\/\"},{\"@type\":\"ListItem\",\"position\":2,\"name\":\"WELCOME TO SMART TRAVEL 2021\"}]}]}<\/script>\n<!-- \/ Yoast SEO plugin. -->","yoast_head_json":{"title":"WELCOME TO SMART TRAVEL 2021 - Smart Travel 2021","robots":{"index":"index","follow":"follow","max-snippet":"max-snippet:-1","max-image-preview":"max-image-preview:large","max-video-preview":"max-video-preview:-1"},"canonical":"https:\/\/2021.smartravel.pt\/pt-pt\/welcome-to-smart-travel-2020\/","og_locale":"pt_PT","og_type":"article","og_title":"WELCOME TO SMART TRAVEL 2021 - Smart Travel 2021","og_description":"SMART TRAVEL 2021: A INTELIG&Ecirc;NCIA &Eacute; O DESTINO Festival dedicado &agrave;s Cidades Inteligentes e Turismo Inteligente com enfoque especial naContinue readingWELCOME TO SMART TRAVEL 2021","og_url":"https:\/\/2021.smartravel.pt\/pt-pt\/welcome-to-smart-travel-2020\/","og_site_name":"Smart Travel 2021","article_publisher":"https:\/\/www.facebook.com\/smartravelevent\/","article_modified_time":"2021-10-01T12:59:48+00:00","og_image":[{"width":1709,"height":2560,"url":"https:\/\/2021.smartravel.pt\/wp-content\/uploads\/2020\/09\/1885-scaled.jpg","type":"image\/jpeg"}],"twitter_card":"summary_large_image","twitter_site":"@smartravel","twitter_misc":{"Tempo estimado de leitura":"1 minuto"},"schema":{"@context":"https:\/\/schema.org","@graph":[{"@type":"WebSite","@id":"https:\/\/2021.smartravel.pt\/#website","url":"https:\/\/2021.smartravel.pt\/","name":"Smart Travel 2021","description":"Festival of Intelligence","potentialAction":[{"@type":"SearchAction","target":{"@type":"EntryPoint","urlTemplate":"https:\/\/2021.smartravel.pt\/?s={search_term_string}"},"query-input":"required name=search_term_string"}],"inLanguage":"pt-PT"},{"@type":"ImageObject","@id":"https:\/\/2021.smartravel.pt\/pt-pt\/welcome-to-smart-travel-2020\/#primaryimage","inLanguage":"pt-PT","url":"https:\/\/2021.smartravel.pt\/wp-content\/uploads\/2020\/09\/1885-scaled.jpg","contentUrl":"https:\/\/2021.smartravel.pt\/wp-content\/uploads\/2020\/09\/1885-scaled.jpg","width":1709,"height":2560,"caption":"Young hipster woman waiting on the station platform with backpack. Travel concept."},{"@type":"WebPage","@id":"https:\/\/2021.smartravel.pt\/pt-pt\/welcome-to-smart-travel-2020\/#webpage","url":"https:\/\/2021.smartravel.pt\/pt-pt\/welcome-to-smart-travel-2020\/","name":"WELCOME TO SMART TRAVEL 2021 - Smart Travel 2021","isPartOf":{"@id":"https:\/\/2021.smartravel.pt\/#website"},"primaryImageOfPage":{"@id":"https:\/\/2021.smartravel.pt\/pt-pt\/welcome-to-smart-travel-2020\/#primaryimage"},"datePublished":"2020-09-27T13:57:44+00:00","dateModified":"2021-10-01T12:59:48+00:00","breadcrumb":{"@id":"https:\/\/2021.smartravel.pt\/pt-pt\/welcome-to-smart-travel-2020\/#breadcrumb"},"inLanguage":"pt-PT","potentialAction":[{"@type":"ReadAction","target":["https:\/\/2021.smartravel.pt\/pt-pt\/welcome-to-smart-travel-2020\/"]}]},{"@type":"BreadcrumbList","@id":"https:\/\/2021.smartravel.pt\/pt-pt\/welcome-to-smart-travel-2020\/#breadcrumb","itemListElement":[{"@type":"ListItem","position":1,"name":"In\u00edcio","item":"https:\/\/2021.smartravel.pt\/pt-pt\/"},{"@type":"ListItem","position":2,"name":"WELCOME TO SMART TRAVEL 2021"}]}]}},"_links":{"self":[{"href":"https:\/\/2021.smartravel.pt\/pt-pt\/wp-json\/wp\/v2\/pages\/222"}],"collection":[{"href":"https:\/\/2021.smartravel.pt\/pt-pt\/wp-json\/wp\/v2\/pages"}],"about":[{"href":"https:\/\/2021.smartravel.pt\/pt-pt\/wp-json\/wp\/v2\/types\/page"}],"author":[{"embeddable":true,"href":"https:\/\/2021.smartravel.pt\/pt-pt\/wp-json\/wp\/v2\/users\/1"}],"replies":[{"embeddable":true,"href":"https:\/\/2021.smartravel.pt\/pt-pt\/wp-json\/wp\/v2\/comments?post=222"}],"version-history":[{"count":4,"href":"https:\/\/2021.smartravel.pt\/pt-pt\/wp-json\/wp\/v2\/pages\/222\/revisions"}],"predecessor-version":[{"id":1442,"href":"https:\/\/2021.smartravel.pt\/pt-pt\/wp-json\/wp\/v2\/pages\/222\/revisions\/1442"}],"wp:featuredmedia":[{"embeddable":true,"href":"https:\/\/2021.smartravel.pt\/pt-pt\/wp-json\/wp\/v2\/media\/93"}],"wp:attachment":[{"href":"https:\/\/2021.smartravel.pt\/pt-pt\/wp-json\/wp\/v2\/media?parent=222"}],"curies":[{"name":"wp","href":"https:\/\/api.w.org\/{rel}","templated":true}]}}